{"id":1298,"date":"2017-11-20T15:36:38","date_gmt":"2017-11-20T14:36:38","guid":{"rendered":"http:\/\/www.jetcarrier.com\/cms\/?page_id=1298"},"modified":"2020-05-05T08:02:58","modified_gmt":"2020-05-05T07:02:58","slug":"club-jc","status":"publish","type":"page","link":"https:\/\/www.jetcarrier.com\/cms\/fi\/tjenester\/club-jc\/","title":{"rendered":"Club JC j\u00e4senyys"},"content":{"rendered":"<p>Club JC j\u00e4senen\u00e4 saat lukuisia etuja ja yhdell\u00e4 kiinte\u00e4ll\u00e4 maksulla voit s\u00e4\u00e4st\u00e4\u00e4 paljon rahtikuluissa vuosittain.<\/p>\n<p>Club JC j\u00e4senyys mahdollistaa esimerkiksi 30 pa\u00efv\u00e4n ilmaisen s\u00e4ilytyksen tavaroille Norjassa. J\u00e4senen\u00e4 voit my\u00f6s laittaa paketteja &#8221;Standby&#8221; tilaan Yhdysvalloissa sek\u00e4 tehd\u00e4 ostoksia\u00a0 Shop4You palvelun kautta. Katso tarkemmin allaolevasta taulukosta mit\u00e4 etuja j\u00e4senyys sinulle mahdollistaa.<\/p>\n<p>J\u00e4senyys on voimassa 12 kk ja uusiutuu automaattisesti kunnes se irtisanotaan. Jos haluat peruuttaa j\u00e4senyytesi tulee sinun kirjautua Paypal tilillesi ja irtisanoutua sit\u00e4 kautta. J\u00e4senyytesi on merkitty &#8221;subscription&#8221; nimikkeell\u00e4 kun aluksi teet sopimuksen. L\u00f6yd\u00e4t helpon ohjeistuksen\u00a0<a href=\"http:\/\/www.jetcarrier.net\/support\/index.php?\/Knowledgebase\/Article\/View\/266\/1\/hvordan-avslutte-club-jc-medlemskapet\" target=\"_blank\" rel=\"noopener noreferrer\">t\u00e4\u00e4lt\u00e4<\/a>.<\/p>\n<table class=\"arial\" border=\"1\" width=\"100%\">\n<tbody>\n<tr bgcolor=\"#000000\">\n<td width=\"368\"><\/td>\n<td width=\"70\">\n<div align=\"center\"><span style=\"color: #ffffff;\"><strong>NORMAL<\/strong><\/span><\/div>\n<\/td>\n<td width=\"59\">\n<div align=\"center\"><span style=\"color: #ffffff;\"><strong>Club JC<\/strong><\/span><\/div>\n<\/td>\n<\/tr>\n<tr>\n<td>\u00a0Member Price<\/td>\n<td>\n<div align=\"center\">FREE<\/div>\n<\/td>\n<td>\n<div align=\"center\">49 USD\/year<\/div>\n<\/td>\n<\/tr>\n<tr>\n<td>\u00a0Mailbox in Delaware<\/td>\n<td>\n<div align=\"center\"><img loading=\"lazy\" decoding=\"async\" src=\"http:\/\/www.jetcarrier.com\/images\/hake.gif\" alt=\"\" width=\"20\" height=\"22\" \/><\/div>\n<\/td>\n<td>\n<div align=\"center\"><img loading=\"lazy\" decoding=\"async\" src=\"http:\/\/www.jetcarrier.com\/images\/hake.gif\" alt=\"\" width=\"20\" height=\"22\" \/><\/div>\n<\/td>\n<\/tr>\n<tr>\n<td>\u00a0Pick up packages in Norway<\/td>\n<td>\n<div align=\"center\"><img loading=\"lazy\" decoding=\"async\" src=\"http:\/\/www.jetcarrier.com\/images\/hake.gif\" alt=\"\" width=\"20\" height=\"22\" \/><\/div>\n<\/td>\n<td>\n<div align=\"center\"><img loading=\"lazy\" decoding=\"async\" src=\"http:\/\/www.jetcarrier.com\/images\/hake.gif\" alt=\"\" width=\"20\" height=\"22\" \/><\/div>\n<\/td>\n<\/tr>\n<tr>\n<td>\u00a07-days free storage of packages in Norway<\/td>\n<td>\n<div align=\"center\"><img loading=\"lazy\" decoding=\"async\" src=\"http:\/\/www.jetcarrier.com\/images\/hake.gif\" alt=\"\" width=\"20\" height=\"22\" \/><\/div>\n<\/td>\n<td>\n<div align=\"center\"><img loading=\"lazy\" decoding=\"async\" src=\"http:\/\/www.jetcarrier.com\/images\/hake.gif\" alt=\"\" width=\"20\" height=\"22\" \/><\/div>\n<\/td>\n<\/tr>\n<tr>\n<td>\u00a0Possibility to add insurance<\/td>\n<td>\n<div align=\"center\"><img loading=\"lazy\" decoding=\"async\" src=\"http:\/\/www.jetcarrier.com\/images\/hake.gif\" alt=\"\" width=\"20\" height=\"22\" \/><\/div>\n<\/td>\n<td>\n<div align=\"center\"><img loading=\"lazy\" decoding=\"async\" src=\"http:\/\/www.jetcarrier.com\/images\/hake.gif\" alt=\"\" width=\"20\" height=\"22\" \/><\/div>\n<\/td>\n<\/tr>\n<tr>\n<td>\u00a0Pick up services in US. We do the pick up<\/td>\n<td>\n<div align=\"center\"><img loading=\"lazy\" decoding=\"async\" src=\"http:\/\/www.jetcarrier.com\/images\/hake.gif\" alt=\"\" width=\"15\" height=\"22\" \/><\/div>\n<\/td>\n<td>\n<div align=\"center\"><img loading=\"lazy\" decoding=\"async\" src=\"http:\/\/www.jetcarrier.com\/images\/hake.gif\" alt=\"\" width=\"20\" height=\"22\" \/><\/div>\n<\/td>\n<\/tr>\n<tr>\n<td>\u00a0Access to Shop4you<\/td>\n<td>\n<div align=\"center\"><img loading=\"lazy\" decoding=\"async\" src=\"http:\/\/www.jetcarrier.com\/images\/kryss.gif\" alt=\"\" width=\"15\" height=\"22\" \/><\/div>\n<\/td>\n<td>\n<div align=\"center\"><img loading=\"lazy\" decoding=\"async\" src=\"http:\/\/www.jetcarrier.com\/images\/hake.gif\" alt=\"\" width=\"20\" height=\"22\" \/><\/div>\n<\/td>\n<\/tr>\n<tr>\n<td>\u00a0Access to Standby <a href=\"http:\/\/www.jetcarrier.com\/info\/standby\/StandBy_pakke\/StandBy_Booking.html\">Read more.<\/a><\/td>\n<td>\n<div align=\"center\"><img loading=\"lazy\" decoding=\"async\" src=\"http:\/\/www.jetcarrier.com\/images\/kryss.gif\" alt=\"\" width=\"15\" height=\"22\" \/><\/div>\n<\/td>\n<td>\n<div align=\"center\"><img loading=\"lazy\" decoding=\"async\" src=\"http:\/\/www.jetcarrier.com\/images\/hake.gif\" alt=\"\" width=\"20\" height=\"22\" \/><\/div>\n<\/td>\n<\/tr>\n<tr>\n<td>\u00a030 days free of charge package hotel in Norway<\/td>\n<td>\n<div align=\"center\"><img loading=\"lazy\" decoding=\"async\" src=\"http:\/\/www.jetcarrier.com\/images\/kryss.gif\" alt=\"\" width=\"15\" height=\"22\" \/><\/div>\n<\/td>\n<td>\n<div align=\"center\"><img loading=\"lazy\" decoding=\"async\" src=\"http:\/\/www.jetcarrier.com\/images\/hake.gif\" alt=\"\" width=\"20\" height=\"22\" \/><\/div>\n<\/td>\n<\/tr>\n<\/tbody>\n<\/table>\n<p><em>Club JC j\u00e4senyytesi aktivoituu vasta kun olet lis\u00e4nnyt sen lis\u00e4palveluihin. T\u00e4m\u00e4 tapahtuu noin 12 &#8211; 24 sen j\u00e4lkeen kun PayPal maksu on rekister\u00f6ity. Torstaina klo: 18:00 tehty maksu ei tavallisesti aktivoidu ennen maanantaita.<\/em><\/p>\n","protected":false},"excerpt":{"rendered":"<p>Club JC j\u00e4senen\u00e4 saat lukuisia etuja ja yhdell\u00e4 kiinte\u00e4ll\u00e4 maksulla voit s\u00e4\u00e4st\u00e4\u00e4 paljon rahtikuluissa vuosittain. Club JC j\u00e4senyys mahdollistaa esimerkiksi 30 pa\u00efv\u00e4n ilmaisen s\u00e4ilytyksen tavaroille Norjassa. J\u00e4senen\u00e4 voit my\u00f6s laittaa paketteja &#8221;Standby&#8221; tilaan Yhdysvalloissa sek\u00e4 tehd\u00e4 ostoksia\u00a0 Shop4You palvelun kautta. Katso tarkemmin allaolevasta taulukosta mit\u00e4 etuja j\u00e4senyys sinulle mahdollistaa. J\u00e4senyys on voimassa 12 kk ja [&hellip;]<\/p>\n","protected":false},"author":2,"featured_media":0,"parent":1292,"menu_order":2,"comment_status":"closed","ping_status":"closed","template":"","meta":{"footnotes":"","_links_to":"","_links_to_target":""},"class_list":["post-1298","page","type-page","status-publish","hentry"],"_links":{"self":[{"href":"https:\/\/www.jetcarrier.com\/cms\/fi\/wp-json\/wp\/v2\/pages\/1298","targetHints":{"allow":["GET"]}}],"collection":[{"href":"https:\/\/www.jetcarrier.com\/cms\/fi\/wp-json\/wp\/v2\/pages"}],"about":[{"href":"https:\/\/www.jetcarrier.com\/cms\/fi\/wp-json\/wp\/v2\/types\/page"}],"author":[{"embeddable":true,"href":"https:\/\/www.jetcarrier.com\/cms\/fi\/wp-json\/wp\/v2\/users\/2"}],"replies":[{"embeddable":true,"href":"https:\/\/www.jetcarrier.com\/cms\/fi\/wp-json\/wp\/v2\/comments?post=1298"}],"version-history":[{"count":5,"href":"https:\/\/www.jetcarrier.com\/cms\/fi\/wp-json\/wp\/v2\/pages\/1298\/revisions"}],"predecessor-version":[{"id":3881,"href":"https:\/\/www.jetcarrier.com\/cms\/fi\/wp-json\/wp\/v2\/pages\/1298\/revisions\/3881"}],"up":[{"embeddable":true,"href":"https:\/\/www.jetcarrier.com\/cms\/fi\/wp-json\/wp\/v2\/pages\/1292"}],"wp:attachment":[{"href":"https:\/\/www.jetcarrier.com\/cms\/fi\/wp-json\/wp\/v2\/media?parent=1298"}],"curies":[{"name":"wp","href":"https:\/\/api.w.org\/{rel}","templated":true}]}}