{"id":1296,"date":"2017-11-20T15:36:19","date_gmt":"2017-11-20T14:36:19","guid":{"rendered":"http:\/\/www.jetcarrier.com\/cms\/?page_id=1296"},"modified":"2018-03-21T08:09:14","modified_gmt":"2018-03-21T07:09:14","slug":"slik-fungerer-det","status":"publish","type":"page","link":"https:\/\/www.jetcarrier.com\/cms\/fi\/tjenester\/mailbox\/slik-fungerer-det\/","title":{"rendered":"N\u00e4in se toimii"},"content":{"rendered":"<p>Alla muutama helppo niksi jotka kannattaa sis\u00e4ist\u00e4\u00e4 ennen alkua. Kun seuraat n\u00e4it\u00e4 perus ohjeistuksia, helpottaa se pakettiesi k\u00e4sittely\u00e4 meid\u00e4n j\u00e4rjestelm\u00e4ss\u00e4mme.<\/p>\n<p>Kun olet rekister\u00f6inyt tilisi olet valmis ostoksille Yhdysvalloissa. K\u00e4yt\u00e4t vain JetCarrier osoitettasi sinun &#8221;shipping&#8221; osoitteenasi.<\/p>\n<p><a href=\"http:\/\/www.jetcarrier.com\/cms\/wp-content\/uploads\/2015\/03\/Laptop-collage.jpg\"><img loading=\"lazy\" decoding=\"async\" class=\"alignnone size-full wp-image-137\" src=\"http:\/\/www.jetcarrier.com\/cms\/wp-content\/uploads\/2015\/03\/Laptop-collage.jpg\" alt=\"Laptop-collage\" width=\"944\" height=\"199\" \/><\/a><\/p>\n<p><strong>1) Tee verkko-ostoksia Yhdysvalloissa<\/strong><br \/>\nPohjoisamerikkalaisilla verkkomarkkinoilla l\u00f6yd\u00e4t kaiken mist\u00e4 voit uneksia ja paljon muuta. Monet verkkokaupat hyv\u00e4ksyv\u00e4t suomalaisen luottokortin jos sinulla on Yhdysvaltalainen toimitusosoite. Voit my\u00f6s k\u00e4ytt\u00e4\u00e4 PayPal:ia maksuv\u00e4lineen\u00e4. Kun olet tehnyt ostoksesi:<\/p>\n<p><strong>2) Tee rahtivaraus JetCarrier tilillesi<\/strong><br \/>\nMiksi t\u00e4m\u00e4 on niin t\u00e4rke\u00e4\u00e4? Koska varaus kertoo ett\u00e4 odotat pakettia &#8211; sek\u00e4 mit\u00e4 rahtitapaa haluat k\u00e4ytt\u00e4\u00e4. Tarjoamme niin LENTO kuin MERI rahtitapoja, eli sinun kannattaa jo t\u00e4ss\u00e4 vaiheessa p\u00e4\u00e4tt\u00e4\u00e4 rahtitapa riippuen miten painava\/suuri tilaamasi tuote on. Tarkista rahtihintamme hinnastosta sek\u00e4 k\u00e4ytt\u00e4m\u00e4ll\u00e4 rahtilaskuriamme voit m\u00e4\u00e4ritt\u00e4\u00e4 sinulle kannattavimman rahtitavan. Varataksesi rahtitapa, sinun tulee kirjautua JetCarrier tilillesi ja tehd\u00e4 valinta &#8221;Minun lentopakettini&#8221; tai &#8221;Minun meripakettini&#8221;. Lis\u00e4tietoja saat katsomalla opetusvideomme.<\/p>\n<p><strong>3) Lataa tai l\u00e4het\u00e4 kuitti s\u00e4hk\u00f6postilla<\/strong><br \/>\nKun olet saanut tilausvahvistuksen verkkokaupasta josta teit tilauksen, l\u00e4het\u00e4 siit\u00e4 kopio meille. T\u00e4m\u00e4 helpottaa meit\u00e4 tekem\u00e4\u00e4n vientiselvitys Yhdysvalloista ja sis\u00e4\u00e4n EU:n. Kuitissa tulee n\u00e4ky\u00e4 v\u00e4hint\u00e4\u00e4n <strong>a)<\/strong> vastaanottaja (omat tietosi) <strong>b)<\/strong> tuote <strong>c)<\/strong> tilauksen kokonaissumma sis\u00e4lt\u00e4en mahdollisen rahdin Yhdysvalloissa. Lis\u00e4tietoja kuittauksen digitaalisesta l\u00e4hett\u00e4misest\u00e4 l\u00f6yd\u00e4t seuraavalta sivulta, kun olet tehnyt varauksen.<\/p>\n<p><strong>4) Rahdin maksaminen tililt\u00e4si\u00a0<\/strong><br \/>\nEmme l\u00e4het\u00e4 laskuja kirjepostina, l\u00f6yd\u00e4t laskut tililt\u00e4si. Saat s\u00e4hk\u00f6postin kun lasku on tehty, jonka j\u00e4lkeen voit helposti l\u00f6yt\u00e4\u00e4 laskun ja maksutiedot. Voit my\u00f6s tulostaa kopion omaan kirjanpitoosi jos haluat. Lentorahti laskutetaan p\u00e4\u00e4s\u00e4\u00e4nt\u00f6isesti 2-3 p\u00e4iv\u00e4\u00e4 siit\u00e4 kun pakettisi on saapunut EU:n, merirahti laskutetaan noin 10 p\u00e4iv\u00e4\u00e4 ennenkuin tavarat saapuu EU:n.<\/p>\n","protected":false},"excerpt":{"rendered":"<p>Alla muutama helppo niksi jotka kannattaa sis\u00e4ist\u00e4\u00e4 ennen alkua. Kun seuraat n\u00e4it\u00e4 perus ohjeistuksia, helpottaa se pakettiesi k\u00e4sittely\u00e4 meid\u00e4n j\u00e4rjestelm\u00e4ss\u00e4mme. Kun olet rekister\u00f6inyt tilisi olet valmis ostoksille Yhdysvalloissa. K\u00e4yt\u00e4t vain JetCarrier osoitettasi sinun &#8221;shipping&#8221; osoitteenasi. 1) Tee verkko-ostoksia Yhdysvalloissa Pohjoisamerikkalaisilla verkkomarkkinoilla l\u00f6yd\u00e4t kaiken mist\u00e4 voit uneksia ja paljon muuta. Monet verkkokaupat hyv\u00e4ksyv\u00e4t suomalaisen luottokortin jos [&hellip;]<\/p>\n","protected":false},"author":2,"featured_media":0,"parent":1294,"menu_order":0,"comment_status":"closed","ping_status":"closed","template":"page-templates\/full-width.php","meta":{"footnotes":"","_links_to":"","_links_to_target":""},"class_list":["post-1296","page","type-page","status-publish","hentry"],"_links":{"self":[{"href":"https:\/\/www.jetcarrier.com\/cms\/fi\/wp-json\/wp\/v2\/pages\/1296","targetHints":{"allow":["GET"]}}],"collection":[{"href":"https:\/\/www.jetcarrier.com\/cms\/fi\/wp-json\/wp\/v2\/pages"}],"about":[{"href":"https:\/\/www.jetcarrier.com\/cms\/fi\/wp-json\/wp\/v2\/types\/page"}],"author":[{"embeddable":true,"href":"https:\/\/www.jetcarrier.com\/cms\/fi\/wp-json\/wp\/v2\/users\/2"}],"replies":[{"embeddable":true,"href":"https:\/\/www.jetcarrier.com\/cms\/fi\/wp-json\/wp\/v2\/comments?post=1296"}],"version-history":[{"count":7,"href":"https:\/\/www.jetcarrier.com\/cms\/fi\/wp-json\/wp\/v2\/pages\/1296\/revisions"}],"predecessor-version":[{"id":1871,"href":"https:\/\/www.jetcarrier.com\/cms\/fi\/wp-json\/wp\/v2\/pages\/1296\/revisions\/1871"}],"up":[{"embeddable":true,"href":"https:\/\/www.jetcarrier.com\/cms\/fi\/wp-json\/wp\/v2\/pages\/1294"}],"wp:attachment":[{"href":"https:\/\/www.jetcarrier.com\/cms\/fi\/wp-json\/wp\/v2\/media?parent=1296"}],"curies":[{"name":"wp","href":"https:\/\/api.w.org\/{rel}","templated":true}]}}