{"id":1294,"date":"2017-11-20T15:35:26","date_gmt":"2017-11-20T14:35:26","guid":{"rendered":"http:\/\/www.jetcarrier.com\/cms\/?page_id=1294"},"modified":"2020-05-05T07:54:19","modified_gmt":"2020-05-05T06:54:19","slug":"mailbox","status":"publish","type":"page","link":"https:\/\/www.jetcarrier.com\/cms\/fi\/tjenester\/mailbox\/","title":{"rendered":"Postilaatikko"},"content":{"rendered":"<p>Kun rekister\u00f6idyt meille asiakkaaksi saat automaattisesti osoitteen Yhdysvalloissa. T\u00e4m\u00e4 kuuluu palveluun ja on ilmaista.<\/p>\n<p><strong><a href=\"http:\/\/www.jetcarrier.com\/cms\/wp-content\/uploads\/2015\/02\/US-postkasse.jpg\"><img loading=\"lazy\" decoding=\"async\" class=\"alignnone size-medium wp-image-142\" src=\"http:\/\/www.jetcarrier.com\/cms\/wp-content\/uploads\/2015\/02\/US-postkasse-285x300.jpg\" alt=\"US-postkasse\" width=\"285\" height=\"300\" srcset=\"https:\/\/www.jetcarrier.com\/cms\/wp-content\/uploads\/2015\/02\/US-postkasse-285x300.jpg 285w, https:\/\/www.jetcarrier.com\/cms\/wp-content\/uploads\/2015\/02\/US-postkasse.jpg 350w\" sizes=\"auto, (max-width: 285px) 100vw, 285px\" \/><\/a><\/strong><\/p>\n<p><strong>Miksi tarvitsen osoitteen Yhdysvalloissa?<\/strong><br \/>\nOsoite tai ns. postilaatikko on terminalissamme Delaware, USA:ssa.<br \/>\nT\u00e4nne voit l\u00e4hett\u00e4\u00e4 niin uusia kuin k\u00e4ytettyj\u00e4 tavaroita.<br \/>\nL\u00e4het\u00e4mme lentorahtia Yhdysvalloista kerran viikossa, kaikki tavarat l\u00e4hetet\u00e4\u00e4n Norjaan josta ne l\u00e4hetet\u00e4\u00e4n eteenp\u00e4in Ruotsiin, Tanskaan ja Suomeen.<br \/>\nKeskim\u00e4\u00e4rin kerran viikossa l\u00e4het\u00e4mme my\u00f6s merirahtia kontissa, t\u00e4ll\u00e4 rahtitavalla hinta on matalampi, eik\u00e4 paino tai tilavuusrajoituksia ole. Laivaamme s\u00e4\u00e4nn\u00f6llisesti moottoreita ja autonosia, veneenosia, MP ja moottoripy\u00f6r\u00e4nosia, m\u00f6nkij\u00f6it\u00e4 ja lumikelkkoja ja niiden osia, huonekaluja, rumpuja yms.<\/p>\n<ul>\n<li>Rahtihinta sis\u00e4lt\u00e4\u00e4 24 % alv, tulli- ja tullausmaksun<\/li>\n<\/ul>\n<ul>\n<li>Pakettisi l\u00e4hetet\u00e4\u00e4n l\u00e4himp\u00e4\u00e4n PostNord l\u00e4hetyspisteeseesi tai suoraan kotiin tai yritysosoitteeseesi jos tavara on kovin suurta.<\/li>\n<\/ul>\n<p>DVoit tilata useimmista verkkokaupoista Yhdysvalloissau kan bestille fra de aller fleste Amerikanske butikker eller privatpersoner.<br \/>\n<a title=\"Slik fungerer det\" href=\"http:\/\/www.jetcarrier.com\/cms\/?page_id=129\">Slik fungerer dette<\/a>, klikk for \u00e5 lese mer om hvordan du bruker din mailbox.<\/p>\n<p><a href=\"http:\/\/www.jetcarrier.com\/cms\/wp-content\/uploads\/2015\/08\/Din-pakke-NO.jpg\"><img loading=\"lazy\" decoding=\"async\" class=\"alignleft size-full wp-image-665\" src=\"http:\/\/www.jetcarrier.com\/cms\/wp-content\/uploads\/2015\/08\/Din-pakke-NO.jpg\" alt=\"Din-pakke-NO\" width=\"480\" height=\"249\" srcset=\"https:\/\/www.jetcarrier.com\/cms\/wp-content\/uploads\/2015\/08\/Din-pakke-NO.jpg 480w, https:\/\/www.jetcarrier.com\/cms\/wp-content\/uploads\/2015\/08\/Din-pakke-NO-300x156.jpg 300w\" sizes=\"auto, (max-width: 480px) 100vw, 480px\" \/><\/a><\/p>\n","protected":false},"excerpt":{"rendered":"<p>Kun rekister\u00f6idyt meille asiakkaaksi saat automaattisesti osoitteen Yhdysvalloissa. T\u00e4m\u00e4 kuuluu palveluun ja on ilmaista. Miksi tarvitsen osoitteen Yhdysvalloissa? Osoite tai ns. postilaatikko on terminalissamme Delaware, USA:ssa. T\u00e4nne voit l\u00e4hett\u00e4\u00e4 niin uusia kuin k\u00e4ytettyj\u00e4 tavaroita. L\u00e4het\u00e4mme lentorahtia Yhdysvalloista kerran viikossa, kaikki tavarat l\u00e4hetet\u00e4\u00e4n Norjaan josta ne l\u00e4hetet\u00e4\u00e4n eteenp\u00e4in Ruotsiin, Tanskaan ja Suomeen. Keskim\u00e4\u00e4rin kerran viikossa l\u00e4het\u00e4mme [&hellip;]<\/p>\n","protected":false},"author":2,"featured_media":0,"parent":1292,"menu_order":1,"comment_status":"closed","ping_status":"closed","template":"page-templates\/full-width.php","meta":{"footnotes":"","_links_to":"","_links_to_target":""},"class_list":["post-1294","page","type-page","status-publish","hentry"],"_links":{"self":[{"href":"https:\/\/www.jetcarrier.com\/cms\/fi\/wp-json\/wp\/v2\/pages\/1294","targetHints":{"allow":["GET"]}}],"collection":[{"href":"https:\/\/www.jetcarrier.com\/cms\/fi\/wp-json\/wp\/v2\/pages"}],"about":[{"href":"https:\/\/www.jetcarrier.com\/cms\/fi\/wp-json\/wp\/v2\/types\/page"}],"author":[{"embeddable":true,"href":"https:\/\/www.jetcarrier.com\/cms\/fi\/wp-json\/wp\/v2\/users\/2"}],"replies":[{"embeddable":true,"href":"https:\/\/www.jetcarrier.com\/cms\/fi\/wp-json\/wp\/v2\/comments?post=1294"}],"version-history":[{"count":3,"href":"https:\/\/www.jetcarrier.com\/cms\/fi\/wp-json\/wp\/v2\/pages\/1294\/revisions"}],"predecessor-version":[{"id":3877,"href":"https:\/\/www.jetcarrier.com\/cms\/fi\/wp-json\/wp\/v2\/pages\/1294\/revisions\/3877"}],"up":[{"embeddable":true,"href":"https:\/\/www.jetcarrier.com\/cms\/fi\/wp-json\/wp\/v2\/pages\/1292"}],"wp:attachment":[{"href":"https:\/\/www.jetcarrier.com\/cms\/fi\/wp-json\/wp\/v2\/media?parent=1294"}],"curies":[{"name":"wp","href":"https:\/\/api.w.org\/{rel}","templated":true}]}}