{"id":612,"date":"2015-03-03T13:27:22","date_gmt":"2015-03-03T12:27:22","guid":{"rendered":"http:\/\/www.jetcarrier.com\/cms\/306-2\/vilkar\/"},"modified":"2026-03-02T14:21:33","modified_gmt":"2026-03-02T13:21:33","slug":"vilkar","status":"publish","type":"page","link":"https:\/\/www.jetcarrier.com\/cms\/en\/306-2\/vilkar\/","title":{"rendered":"Terms"},"content":{"rendered":"<p>By registration on this website or other use of a JetCarrier address you accept our terms.<\/p>\n<p><strong>Invoicing<\/strong><br \/>\n<span style=\"line-height: 1.714285714; font-size: 1rem;\">Air Freight: 1-3 days after your package have arrived in Norway, it is usually in distribution; we will then send you an e-mail with a summary of your freight of the given batch. Please note that we do not send you a paper invoice. You can print these out from your acount.<\/span><\/p>\n<p>Sea Freight: We usually invoice approx 14 days before the goods arrive to our terminal. All Sea Freight are to be prepaid.<\/p>\n<p>These are the terms for unbooked packages arriving in the US.<br \/>\n\u2022 The terminal workers will try to figure out if this is a &#8220;part of&#8221; another delivery from the same supplier. If so, it will be sent the same way (Air\/Sea) as the initial freight was.<br \/>\n\u2022 Otherwise we will try to find the most economic way to ship it\u00a0to you.<br \/>\n\u2022 Our deciscion on unbooked packages is final.<br \/>\n\u2022 We reserve the right to demand that freight and other costs are prepaid.<br \/>\n<em>Tip: BOOK YOU PACKAGES!<\/em><\/p>\n<p><strong>Warehouse Rental\/Bonded Warehouse Rental<\/strong><br \/>\nWeekly fee pr. 1.1.2015 is 100 NOK\/SEK\/DKK pr. cubic meter\u00a0pr. week\u00a0for ordinary\u00a0warehousing\u00a0and 200 NOK\/SEK\/DKK pr. cubic meter\u00a0for bonded warehouse storage. There is a minimum fee of 25 NOK\/SEK\/DKK pr.\u00a0week for ordinary storage and 50 NOK\/SEK\/DKK pr. week\u00a0for bonded warehouse.<br \/>\nRegular customers have 7 days of free storage and Club JC members have 30 days free storage. These are both for normal warehousing\/storage.\u00a0For bonded warehouse the price is the same for all customers. Storage rent is only invoiced on a weekly bases, meaning that 1-7 days\u00a0equals 1 week and 8-14 days equals 2 weeks. Warehousing is usually avoided if you make sure to upload an invoice from your purchases on your account.<\/p>\n<p><strong>Destruction and Unpaid Goods<\/strong><br \/>\nGoods on bonded warehouse that exceed 6 months without the customer trying to fix whatever issue that might affect the package will be sent to destruction or sold to cover our costs. All customers will receive a last warning 14 days before this happens. Destruction cost\u00a0pr. 1.1.2015 is 125 NOK\/SEK\/DKK pr. package that need to be destroyed. Destruction of packages is supervised by custom authorities. All goods that are prohibited to import or demands certain license or pre-approvals will only be destroyed and not sold.<\/p>\n<p><strong>Insurance and Claims<\/strong><br \/>\nTransport insurance may be signed for separately in the booking prosess. The insurance is based on the value of your booking. This may not exceed the actual value of the goods.<br \/>\nICC A for\u00a0<a href=\"http:\/\/www.jetcarrier.com\/PDF\/ICC_A.pdf\" target=\"_new\" rel=\"noopener noreferrer\">new goods<\/a><br \/>\nICC C for\u00a0<a href=\"http:\/\/www.jetcarrier.com\/PDF\/ICC_C.pdf\" target=\"_new\" rel=\"noopener noreferrer\">used goods<\/a><br \/>\nGoods needs to be properly packed, it is the sender and receivers responsibility. If goods are inadequate packed and receive transport damages it might be denied any coverage. The packaging must always be done with the long transportation in mind. Packages travelling from a zip code in the U.S. all the way to a post office in Scandinavia are to be processed over and over at several trucks and terminals before finally reaching its destination. Heavy or bulky goods should always be sent on pallets. Min. fee insurance is 120 NOK\/SEK\/DKK.<br \/>\n<em>Deductible from damages: vehicles\u00a06000 NOK, packages\u00a0250 NOK each, pallets\u00a0950 NOK.<\/em><\/p>\n<p><em>F\u00f8lgende vareslag er <strong>ikke<\/strong> dekket av forsikringen:<\/em><br \/>\n<em>Verdipapirer (inkl. sjekker) og penger<\/em><br \/>\n<em>Klokker, edle metaller, edelstener, perler, juveler o.l.<\/em><br \/>\n<em>Kunstverk og andre varer\/artikler som har kunst- eller samlerverdi<\/em><br \/>\n<em>Lotterier, lodd av ulike slag<\/em><br \/>\n<em>Tobakk og tobakksvarer<\/em><br \/>\n<em>Alkohol, inkl. alkoholholdige drikkevarer<\/em><br \/>\n<em>Temperaturregulerte eller ferske matvarer<\/em><br \/>\n<em>Levende dyr<\/em><br \/>\n<em>Levende planter\/vekster<\/em><br \/>\n<em>V\u00e5pen eller ammunisjon<\/em><br \/>\n<em>Pels, pelsverk eller skinn<\/em><br \/>\n<em>Varer av gips, terrakotta, marmor, murstein, fliser og glassvarer<\/em><br \/>\n<em>Personlige effekter \/ flyttegods<\/em><\/p>\n<p><strong>Alle oppdrag utf\u00f8res i henhold til Incoterms \/ NSAB 2000.<\/strong><br \/>\n1. Ansvar. JetCarrier ansvar reguleres av det gjeldende lands transportlovgivning og Incoterms \/ NSAB 2000. I henhold til vegfraktloven og NSAB 2000 er JetCarrier \u00a0ansvar ved skade og tap begrenset til 8,33 SDR, og ved forsinkelse til fraktbel\u00f8pet. Ansvarsbegrensningene i NSAB 2000 skal ogs\u00e5 gjelde for kontraktsbrudd som ikke omfattes av den gjeldende transportlovgivning eller Incoterms \/ NSAB 2000. JetCarrier anser gods som forsinket n\u00e5r det oppst\u00e5r lengre enn 6 uker leveringstid p\u00e5 flygods\u00a0og 16 uker for sj\u00f8gods. Leveringstiden gjelder fra godset er registrert inn i v\u00e5re systemer i USA.<br \/>\n2. Ved bruk av JetCarrier.com ansvarer Myboxglobal Inc for mottak av gods i terminal i Delaware USA, eksport og frakt. Myboxglobal Inc ansvarer for at godset blir signert for ved mottak og at godset sendes til kundens registrerte hjem eller firma adresse. Myboxglobal Inc overtar ansvaret for godset etter signert mottak og overtar samtidig den juridiske eienderett av godset fram til endelig leveranse hos kunden. Myboxglobal INC i Delaware regner ikke gods som mottatt f\u00f8r det er registrert inn i JetCarrier systemet. At godset er signert for i USA anses kun som et forel\u00f8pig mottak og ikke et bekreftet mottak av gods.<br \/>\n3. Reklamasjon. Den som vil kreve erstatning for<br \/>\n<span style=\"line-height: 1.714285714; font-size: 1rem;\">(a) synlig tap eller skade, m\u00e5 gi JetCarrier melding om skaden og skadens art ved utlevering.\u00a0Ved utlevering fra underleverand\u00f8r (f.eks. PostNord) m\u00e5 det noteres i PN sitt system at det er skade ved utlevering.<br \/>\n<\/span><span style=\"line-height: 1.714285714; font-size: 1rem;\">(b) skjult tap eller skade, m\u00e5 meldes JetCarrier skriftlig senest\u00a04 timer\u00a0etter utleveringen.\u00a0Ved utlevering fra underleverand\u00f8r (f.eks. PostNord) m\u00e5 det noteres i PN sitt system at det er registrert skjult skade etter\u00a0utlevering. Fristen er fortsatt 4 timer etter utlevert gods.<br \/>\n<\/span><span style=\"line-height: 1.714285714; font-size: 1rem;\">(c) forsinket utlevering, m\u00e5 meldes JetCarrier skriftlig innen 7\u00a0dager etter at godset ble stilt til hans r\u00e5dighet, hvis ikke g\u00e5r kravet tapt.<br \/>\n<\/span>Dersom det er gitt kvittering p\u00e5 transportdokumentet uten anmerkninger, skal det legges til grunn at godset ved utleveringen var i den stand som transportdokumentet angir, med mindre mottakeren kan bevise noe annet. Reklamasjoner p\u00e5 faktura m\u00e5 for \u00e5 kunne gj\u00f8res gjeldende, fremsettes skriftlig og uten ugrunnet opphold, og senest innen forfallsdato.<br \/>\n4. Sikkerhetsrett for fordringer som har oppst\u00e5tt i kontraktsperioden, har JetCarrier tilbakeholdsrett\/panterett i sendinger til fordringene er dekket, til sikkerhet for fraktbel\u00f8pet og for \u00f8vrige fordringer p\u00e5 oppdragsgiveren.<br \/>\n5. Oppdragsgivers betalingsplikt: Uansett hva som gjelder for oppdragsgiverens betalingsplikt ifg. inng\u00e5tt betalingsavtale eller fraktavtale med andre enn JetCarrier , plikter oppdragsgiveren p\u00e5 anmodning \u00e5 betale JetCarrier \u00a0tilgodehavende mot n\u00f8dvendig dokumentasjon.<br \/>\n6. Tvister i anledning betingelsene og tilh\u00f8rende bestemmelser, samt tvister som ang\u00e5r der i omtalte og der av f\u00f8lgende rettsforhold h\u00f8rer inn under de ordin\u00e6re domstoler, med Halden tingrett som verneting.<br \/>\n7. Ved \u00e5 ta i bruk v\u00e5re tjenester aksepterer du at Jetcarrier AS fortoller varen p\u00e5 vegne av deg til fastsatte priser.<\/p>\n<p><a href=\"http:\/\/www.lovdata.no\/cgi-wift\/wiftldles?doc=\/usr\/www\/lovdata\/all\/nl-19741220-068.html&amp;emne=vegfraktavtal*&amp;\" target=\"_blank\" rel=\"noopener noreferrer\">Vegfraktloven<\/a><\/p>\n<ul>\n<li style=\"list-style-type: none;\">\n<ul>NSAB2015<\/ul>\n<\/li>\n<\/ul>\n<ul>\n<li><a href=\"http:\/\/www.jetcarrier.com\/cms\/wp-content\/uploads\/2018\/08\/NSAB-Final-ENGLISH-20151027.pdf\" target=\"_blank\" rel=\"noopener noreferrer\">English<\/a><\/li>\n<\/ul>\n<p><a style=\"font-size: 1rem;\" href=\"http:\/\/www.iccwbo.org\/incoterms\/\" target=\"incot\" rel=\"noopener noreferrer\">Incoterms<\/a><\/p>\n<p><a href=\"http:\/\/www.jetcarrier.com\/cms\/en\/306-2\/vilkar\/gdpr\/\">GDPR<\/a><\/p>\n<p><em>Vi reserverer oss for eventuelle skrivefeil p\u00e5 v\u00e5re nettsider.<br \/>\nThese are simplified terms of use, complete terms are available upon request.<br \/>\n<\/em><\/p>\n","protected":false},"excerpt":{"rendered":"<p>By registration on this website or other use of a JetCarrier address you accept our terms. Invoicing Air Freight: 1-3 days after your package have arrived in Norway, it is usually in distribution; we will then send you an e-mail with a summary of your freight of the given batch. Please note that we do [&hellip;]<\/p>\n","protected":false},"author":2,"featured_media":0,"parent":306,"menu_order":19,"comment_status":"closed","ping_status":"closed","template":"","meta":{"footnotes":"","_links_to":"","_links_to_target":""},"class_list":["post-612","page","type-page","status-publish","hentry"],"_links":{"self":[{"href":"https:\/\/www.jetcarrier.com\/cms\/en\/wp-json\/wp\/v2\/pages\/612","targetHints":{"allow":["GET"]}}],"collection":[{"href":"https:\/\/www.jetcarrier.com\/cms\/en\/wp-json\/wp\/v2\/pages"}],"about":[{"href":"https:\/\/www.jetcarrier.com\/cms\/en\/wp-json\/wp\/v2\/types\/page"}],"author":[{"embeddable":true,"href":"https:\/\/www.jetcarrier.com\/cms\/en\/wp-json\/wp\/v2\/users\/2"}],"replies":[{"embeddable":true,"href":"https:\/\/www.jetcarrier.com\/cms\/en\/wp-json\/wp\/v2\/comments?post=612"}],"version-history":[{"count":18,"href":"https:\/\/www.jetcarrier.com\/cms\/en\/wp-json\/wp\/v2\/pages\/612\/revisions"}],"predecessor-version":[{"id":5307,"href":"https:\/\/www.jetcarrier.com\/cms\/en\/wp-json\/wp\/v2\/pages\/612\/revisions\/5307"}],"up":[{"embeddable":true,"href":"https:\/\/www.jetcarrier.com\/cms\/en\/wp-json\/wp\/v2\/pages\/306"}],"wp:attachment":[{"href":"https:\/\/www.jetcarrier.com\/cms\/en\/wp-json\/wp\/v2\/media?parent=612"}],"curies":[{"name":"wp","href":"https:\/\/api.w.org\/{rel}","templated":true}]}}